{"id":17,"date":"2020-05-19T14:06:05","date_gmt":"2020-05-19T14:06:05","guid":{"rendered":"http:\/\/redrooster-pub.de\/?page_id=17"},"modified":"2026-04-07T08:45:15","modified_gmt":"2026-04-07T08:45:15","slug":"willkommen","status":"publish","type":"page","link":"https:\/\/redrooster-pub.de\/","title":{"rendered":"Willkommen im Red Rooster"},"content":{"rendered":"\n<p class=\"container\">Traditional Pub &amp; Caf\u00e9 im Dresdner Barockviertel \u2013 <br>zwischen K\u00f6nigstra\u00dfe und Hauptstra\u00dfe<\/p>\n\n\n\n<p> <\/p>\n\n\n\n<div class=\"wp-block-group py-5 has-white-color has-text-color\"><div class=\"wp-block-group__inner-container\">\n<div class=\"wp-block-buttons is-content-justification-center\">\n<div class=\"wp-block-button has-custom-font-size is-style-fill has-medium-font-size\"><a class=\"wp-block-button__link has-white-color has-text-color has-background\" href=\"https:\/\/app.resmio.com\/roostermarcgooglemailcom\/widget\" style=\"background-color:#e70027\" target=\"_blank\" rel=\"noreferrer noopener\"><strong>Tisch reservieren<\/strong><\/a><\/div>\n<\/div>\n\n\n\n<p class=\"has-black-color has-text-color\"><strong>Das sind unsere \u00d6ffnungszeiten<\/strong>:<\/p>\n\n\n\n<p class=\"has-black-color has-text-color\"><strong>Montag \u2013 Donnerstag      17:00 bis 1:00 Uhr<br>Freitag                                  17:00 bis open end<br>Samstag       Fu\u00dfball \u2013 Bundesliga (und wenn Dynamo spielt) bis open end<br>Sonntag        Fu\u00dfball \u2013 Bundesliga (und wenn Dynamo spielt) bis 0:00 Uhr<\/strong><\/p>\n\n\n\n<p class=\"has-text-align-center has-black-color has-text-color\"><strong>Unsere K\u00fcche ist t\u00e4glich von 17:00 &#8211; 0:00Uhr besetzt<\/strong>.<\/p>\n\n\n\n<p class=\"has-black-color has-text-color\">&#8212;&#8212;&#8212;&#8212;&#8212;&#8212;&#8212;&#8212;&#8212;&#8212;&#8212;&#8212;&#8212;&#8212;&#8212;&#8212;&#8212;&#8212;&#8212;&#8212;&#8212;&#8212;&#8212;&#8211;<\/p>\n\n\n\n<p><strong><a href=\"https:\/\/redrooster-pub.de\/wp-content\/uploads\/2026\/04\/IMG_5291.jpeg\" data-type=\"URL\" rel=\"lightbox-0\">Speisekarte<\/a><\/strong><\/p>\n\n\n\n<p><strong><a href=\"https:\/\/redrooster-pub.de\/wp-content\/uploads\/2026\/04\/Red-Rooster-Januer-2026-Kopie-2-1.pdf\" data-type=\"URL\">Getr\u00e4nkekarte<\/a><\/strong><\/p>\n\n\n\n<div class=\"wp-block-group\"><div class=\"wp-block-group__inner-container\"><\/div><\/div>\n\n\n\n<div class=\"wp-block-columns\">\n<div class=\"wp-block-column\">\n<h2 class=\"has-normal-font-size\"><a href=\"https:\/\/redrooster-pub.de\/?p=79\" data-type=\"URL\" data-id=\"https:\/\/redrooster-pub.de\/?p=79\">Bierbeschreibungen<\/a><\/h2>\n<\/div>\n<\/div>\n\n\n\n<p class=\"has-white-color has-text-color has-background\" style=\"background-color:#e70027;font-size:25px\"><strong><a href=\"https:\/\/redrooster-pub.de\/?page_id=512\">unsere Veranstaltungen<\/a><\/strong><\/p>\n<\/div><\/div>\n\n\n\n<figure class=\"wp-block-gallery columns-3 is-cropped\"><ul class=\"blocks-gallery-grid\"><li class=\"blocks-gallery-item\"><figure><a href=\"https:\/\/redrooster-pub.de\/wp-content\/uploads\/2020\/06\/r\u00fccktresen1klein-1-1024x682.jpg\" rel=\"lightbox[gallery-2]\"><img loading=\"lazy\" width=\"1024\" height=\"682\" src=\"https:\/\/redrooster-pub.de\/wp-content\/uploads\/2020\/06\/r\u00fccktresen1klein-1-1024x682.jpg\" alt=\"\" data-id=\"66\" data-link=\"https:\/\/redrooster-pub.de\/?attachment_id=66\" class=\"wp-image-66\" srcset=\"https:\/\/redrooster-pub.de\/wp-content\/uploads\/2020\/06\/r\u00fccktresen1klein-1-1024x682.jpg 1024w, https:\/\/redrooster-pub.de\/wp-content\/uploads\/2020\/06\/r\u00fccktresen1klein-1-300x200.jpg 300w, https:\/\/redrooster-pub.de\/wp-content\/uploads\/2020\/06\/r\u00fccktresen1klein-1.jpg 1181w\" sizes=\"(max-width: 1024px) 100vw, 1024px\" \/><\/a><\/figure><\/li><li class=\"blocks-gallery-item\"><figure><a href=\"https:\/\/redrooster-pub.de\/wp-content\/uploads\/2021\/06\/euro2020_1-1-1024x683.jpg\" rel=\"lightbox[gallery-2]\"><img loading=\"lazy\" width=\"1024\" height=\"683\" src=\"https:\/\/redrooster-pub.de\/wp-content\/uploads\/2021\/06\/euro2020_1-1-1024x683.jpg\" alt=\"\" data-id=\"152\" data-link=\"https:\/\/redrooster-pub.de\/?attachment_id=152\" class=\"wp-image-152\" srcset=\"https:\/\/redrooster-pub.de\/wp-content\/uploads\/2021\/06\/euro2020_1-1-1024x683.jpg 1024w, https:\/\/redrooster-pub.de\/wp-content\/uploads\/2021\/06\/euro2020_1-1-300x200.jpg 300w, https:\/\/redrooster-pub.de\/wp-content\/uploads\/2021\/06\/euro2020_1-1-1536x1024.jpg 1536w, https:\/\/redrooster-pub.de\/wp-content\/uploads\/2021\/06\/euro2020_1-1-2048x1365.jpg 2048w\" sizes=\"(max-width: 1024px) 100vw, 1024px\" \/><\/a><\/figure><\/li><li class=\"blocks-gallery-item\"><figure><a href=\"https:\/\/redrooster-pub.de\/wp-content\/uploads\/2022\/01\/IMG_8809-scaled.jpeg\" rel=\"lightbox[gallery-2]\"><img loading=\"lazy\" width=\"1024\" height=\"768\" src=\"https:\/\/redrooster-pub.de\/wp-content\/uploads\/2022\/01\/IMG_8809-1024x768.jpeg\" alt=\"\" data-id=\"403\" data-full-url=\"https:\/\/redrooster-pub.de\/wp-content\/uploads\/2022\/01\/IMG_8809-scaled.jpeg\" data-link=\"https:\/\/redrooster-pub.de\/?attachment_id=403\" class=\"wp-image-403\" srcset=\"https:\/\/redrooster-pub.de\/wp-content\/uploads\/2022\/01\/IMG_8809-1024x768.jpeg 1024w, https:\/\/redrooster-pub.de\/wp-content\/uploads\/2022\/01\/IMG_8809-300x225.jpeg 300w, https:\/\/redrooster-pub.de\/wp-content\/uploads\/2022\/01\/IMG_8809-1536x1152.jpeg 1536w, https:\/\/redrooster-pub.de\/wp-content\/uploads\/2022\/01\/IMG_8809-2048x1536.jpeg 2048w\" sizes=\"(max-width: 1024px) 100vw, 1024px\" \/><\/a><\/figure><\/li><\/ul><\/figure>\n\n\n\n<figure class=\"wp-block-gallery columns-4  logo-gallery\"><ul class=\"blocks-gallery-grid\"><li class=\"blocks-gallery-item\"><figure><img loading=\"lazy\" width=\"998\" height=\"560\" src=\"http:\/\/redrooster-pub.de\/wp-content\/uploads\/2020\/05\/GUINNESS_Logo_1c.png\" alt=\"\" data-id=\"30\" data-link=\"http:\/\/redrooster-pub.de\/?attachment_id=30\" class=\"wp-image-30\" srcset=\"https:\/\/redrooster-pub.de\/wp-content\/uploads\/2020\/05\/GUINNESS_Logo_1c.png 998w, https:\/\/redrooster-pub.de\/wp-content\/uploads\/2020\/05\/GUINNESS_Logo_1c-300x168.png 300w\" sizes=\"(max-width: 998px) 100vw, 998px\" \/><\/figure><\/li><li class=\"blocks-gallery-item\"><figure><img loading=\"lazy\" width=\"1024\" height=\"527\" src=\"http:\/\/redrooster-pub.de\/wp-content\/uploads\/2020\/05\/ROOSTERS_RED_ALE_logo2-1024x527.png\" alt=\"\" data-id=\"33\" data-link=\"http:\/\/redrooster-pub.de\/?attachment_id=33\" class=\"wp-image-33\" srcset=\"https:\/\/redrooster-pub.de\/wp-content\/uploads\/2020\/05\/ROOSTERS_RED_ALE_logo2-1024x527.png 1024w, https:\/\/redrooster-pub.de\/wp-content\/uploads\/2020\/05\/ROOSTERS_RED_ALE_logo2-300x154.png 300w, https:\/\/redrooster-pub.de\/wp-content\/uploads\/2020\/05\/ROOSTERS_RED_ALE_logo2-1536x790.png 1536w, https:\/\/redrooster-pub.de\/wp-content\/uploads\/2020\/05\/ROOSTERS_RED_ALE_logo2-2048x1054.png 2048w\" sizes=\"(max-width: 1024px) 100vw, 1024px\" \/><\/figure><\/li><li class=\"blocks-gallery-item\"><figure><img loading=\"lazy\" width=\"1024\" height=\"1024\" src=\"http:\/\/redrooster-pub.de\/wp-content\/uploads\/2020\/05\/Landskron_Logo-1024x1024.png\" alt=\"\" data-id=\"31\" data-link=\"http:\/\/redrooster-pub.de\/?attachment_id=31\" class=\"wp-image-31\" srcset=\"https:\/\/redrooster-pub.de\/wp-content\/uploads\/2020\/05\/Landskron_Logo-1024x1024.png 1024w, https:\/\/redrooster-pub.de\/wp-content\/uploads\/2020\/05\/Landskron_Logo-300x300.png 300w, https:\/\/redrooster-pub.de\/wp-content\/uploads\/2020\/05\/Landskron_Logo-150x150.png 150w, https:\/\/redrooster-pub.de\/wp-content\/uploads\/2020\/05\/Landskron_Logo.png 1181w\" sizes=\"(max-width: 1024px) 100vw, 1024px\" \/><\/figure><\/li><li class=\"blocks-gallery-item\"><figure><img loading=\"lazy\" width=\"1024\" height=\"609\" src=\"https:\/\/redrooster-pub.de\/wp-content\/uploads\/2022\/03\/logo_strongbow_white-1-1024x609.png\" alt=\"\" data-id=\"561\" data-link=\"https:\/\/redrooster-pub.de\/?attachment_id=561\" class=\"wp-image-561\" srcset=\"https:\/\/redrooster-pub.de\/wp-content\/uploads\/2022\/03\/logo_strongbow_white-1-1024x609.png 1024w, https:\/\/redrooster-pub.de\/wp-content\/uploads\/2022\/03\/logo_strongbow_white-1-300x178.png 300w, https:\/\/redrooster-pub.de\/wp-content\/uploads\/2022\/03\/logo_strongbow_white-1.png 1448w\" sizes=\"(max-width: 1024px) 100vw, 1024px\" \/><\/figure><\/li><\/ul><\/figure>\n\n\n\n<p><\/p>\n","protected":false},"excerpt":{"rendered":"<p>Traditional Pub &amp; Caf\u00e9 im Dresdner Barockviertel \u2013 zwischen K\u00f6nigstra\u00dfe und Hauptstra\u00dfe Das sind unsere \u00d6ffnungszeiten: Montag \u2013 Donnerstag 17:00 bis 1:00 UhrFreitag 17:00 bis open endSamstag Fu\u00dfball \u2013 Bundesliga (und wenn Dynamo spielt) bis open endSonntag Fu\u00dfball \u2013 Bundesliga (und wenn Dynamo spielt) bis 0:00 Uhr Unsere K\u00fcche ist t\u00e4glich von 17:00 &#8211; 0:00Uhr <a href=\"https:\/\/redrooster-pub.de\/\" class=\"more-link\">&#8230;<\/a><\/p>\n","protected":false},"author":1,"featured_media":61,"parent":0,"menu_order":0,"comment_status":"closed","ping_status":"closed","template":"","meta":[],"_links":{"self":[{"href":"https:\/\/redrooster-pub.de\/index.php?rest_route=\/wp\/v2\/pages\/17"}],"collection":[{"href":"https:\/\/redrooster-pub.de\/index.php?rest_route=\/wp\/v2\/pages"}],"about":[{"href":"https:\/\/redrooster-pub.de\/index.php?rest_route=\/wp\/v2\/types\/page"}],"author":[{"embeddable":true,"href":"https:\/\/redrooster-pub.de\/index.php?rest_route=\/wp\/v2\/users\/1"}],"replies":[{"embeddable":true,"href":"https:\/\/redrooster-pub.de\/index.php?rest_route=%2Fwp%2Fv2%2Fcomments&post=17"}],"version-history":[{"count":220,"href":"https:\/\/redrooster-pub.de\/index.php?rest_route=\/wp\/v2\/pages\/17\/revisions"}],"predecessor-version":[{"id":783,"href":"https:\/\/redrooster-pub.de\/index.php?rest_route=\/wp\/v2\/pages\/17\/revisions\/783"}],"wp:featuredmedia":[{"embeddable":true,"href":"https:\/\/redrooster-pub.de\/index.php?rest_route=\/wp\/v2\/media\/61"}],"wp:attachment":[{"href":"https:\/\/redrooster-pub.de\/index.php?rest_route=%2Fwp%2Fv2%2Fmedia&parent=17"}],"curies":[{"name":"wp","href":"https:\/\/api.w.org\/{rel}","templated":true}]}}