{"id":512,"date":"2022-03-20T17:12:57","date_gmt":"2022-03-20T17:12:57","guid":{"rendered":"https:\/\/redrooster-pub.de\/?page_id=512"},"modified":"2026-04-30T19:30:38","modified_gmt":"2026-04-30T19:30:38","slug":"veranstaltungen","status":"publish","type":"page","link":"https:\/\/redrooster-pub.de\/?page_id=512","title":{"rendered":"Veranstaltungen"},"content":{"rendered":"\n<div class=\"wp-block-columns\">\n<div class=\"wp-block-column\" style=\"flex-basis:100%\">\n<div class=\"wp-block-columns\">\n<div class=\"wp-block-column\" style=\"flex-basis:13%\">\n<p><\/p>\n\n\n\n<p>St. Patrick\u2019s Day Party mi<\/p>\n\n\n\n<p><\/p>\n\n\n\n<p><\/p>\n<\/div>\n\n\n\n<div class=\"wp-block-column\" style=\"flex-basis:87%\"><\/div>\n<\/div>\n\n\n\n<div class=\"wp-block-columns\">\n<div class=\"wp-block-column\" style=\"flex-basis:13%\">\n<p>28.05.2026<\/p>\n<\/div>\n\n\n\n<div class=\"wp-block-column\" style=\"flex-basis:87%\">\n<p><strong>JazzLust<\/strong><br>Erleben Sie erneut die mitrei\u00dfende Performance von JazzLust, die klassische und moderne Jazzkl\u00e4nge virtuos verbinden.<\/p>\n<\/div>\n<\/div>\n\n\n\n<div class=\"wp-block-columns\">\n<div class=\"wp-block-column\" style=\"flex-basis:13%\">\n<p>03.10.2026<\/p>\n\n\n\n<p>20:00 Uhr<\/p>\n<\/div>\n\n\n\n<div class=\"wp-block-column\" style=\"flex-basis:87%\">\n<p><strong>Gracefull Fall<br><\/strong>Die Dresdner Americana-Band kehrt in Originalbesetzung zur\u00fcck und begeistert mit einer Mischung aus Blues, Alt. Country und Rootsrock<\/p>\n<\/div>\n<\/div>\n\n\n\n<div class=\"wp-block-columns\">\n<div class=\"wp-block-column\" style=\"flex-basis:13%\">\n<p>03.10.2025<\/p>\n\n\n\n<p>13:00 Uhr<\/p>\n<\/div>\n\n\n\n<div class=\"wp-block-column\" style=\"flex-basis:87%\">\n<p><strong>Jindrich Staidel Combo<\/strong><br>Die Jindrich Staidel Combo bringt mit ihrer einzigartigen Mischung aus Jazz und Polka eine<br>humorvolle und mitrei\u00dfende Show auf die B\u00fchne &#8211; traditionell mit Pivo und Gulasch.<\/p>\n<\/div>\n<\/div>\n\n\n\n<div class=\"wp-block-columns\">\n<div class=\"wp-block-column\" style=\"flex-basis:13%\">\n<p>30.10.2026<\/p>\n<\/div>\n\n\n\n<div class=\"wp-block-column\" style=\"flex-basis:87%\">\n<p><strong>Halloween-Feier<\/strong><br>Unsere traditionelle Halloween-Party <\/p>\n<\/div>\n<\/div>\n\n\n\n<div class=\"wp-block-columns\">\n<div class=\"wp-block-column\" style=\"flex-basis:13%\">\n<p>01.10.2026<\/p>\n\n\n\n<p>19:30 Uhr<\/p>\n<\/div>\n\n\n\n<div class=\"wp-block-column\" style=\"flex-basis:66.66%\">\n<p><strong>Bert Stephan Group &#8211; BSG9<\/strong><br>analog space music <br><\/p>\n<\/div>\n<\/div>\n\n\n\n<div class=\"wp-block-columns\">\n<div class=\"wp-block-column\" style=\"flex-basis:13%\">\n<p>.<\/p>\n<\/div>\n\n\n\n<div class=\"wp-block-column\" style=\"flex-basis:87%\"><\/div>\n<\/div>\n\n\n\n<div class=\"wp-block-columns\">\n<div class=\"wp-block-column\" style=\"flex-basis:13%\">\n<p>09.12.2025<\/p>\n<\/div>\n\n\n\n<div class=\"wp-block-column\" style=\"flex-basis:87%\">\n<p><strong>31 Jahre The Red Rooster<\/strong><br>Feiern Sie mit uns das 30-j\u00e4hrige Bestehen des Red Rooster mit einer besonderen Jubil\u00e4umsparty &#8211; traditionell mit Joe&#8217;s Company<\/p>\n<\/div>\n<\/div>\n\n\n\n<div class=\"wp-block-columns\">\n<div class=\"wp-block-column\" style=\"flex-basis:13%\">\n<p>31.12.2026<\/p>\n<\/div>\n\n\n\n<div class=\"wp-block-column\" style=\"flex-basis:87%\">\n<p><a href=\"https:\/\/redrooster-pub.de\/wp-content\/uploads\/2025\/11\/sylvester25.jpeg\" data-type=\"URL\" data-id=\"https:\/\/redrooster-pub.de\/wp-content\/uploads\/2025\/11\/sylvester25.jpeg\" rel=\"lightbox-0\"><strong>Sylvester im Red Rooster<\/strong><br><\/a>Liebe G\u00e4ste, liebe Freundinnen und Freunde unseres Hauses,<\/p>\n\n\n\n<p>wir m\u00f6chten den Jahreswechsel gern gemeinsam mit euch feiern \u2013 gem\u00fctlich, genussvoll und in echter Red-Rooster-Atmosph\u00e4re.<br>Daf\u00fcr haben wir ein besonderes 5-G\u00e4nge-Silvestermen\u00fc f\u00fcr euch zusammengestellt, begleitet von guter Musik, feinsten Getr\u00e4nken und vielen kleinen Momenten, die diesen Abend unvergesslich machen.<\/p>\n\n\n\n<p>Ein kleiner Hinweis in eigener Sache:<br>Mit der Buchung unseres Silvestermen\u00fcs sichert ihr euch automatisch einen festen Tisch f\u00fcr den ganzen Abend.<br>G\u00e4ste, die spontan vorbeikommen m\u00f6chten, sind nat\u00fcrlich herzlich willkommen \u2013 wir bitten jedoch um Verst\u00e4ndnis, dass wir ohne Men\u00fcbuchung keine Tischreservierung anbieten k\u00f6nnen.<\/p>\n\n\n\n<p>Also: Men\u00fc buchen, Platz sichern und gemeinsam mit ins neue Jahr starten!<br>Wir freuen uns auf einen gro\u00dfartigen Abend mit euch.<\/p>\n\n\n\n<p>Euer Roosterteam<\/p>\n<\/div>\n<\/div>\n<\/div>\n<\/div>\n\n\n\n<p><\/p>\n","protected":false},"excerpt":{"rendered":"<p>St. Patrick\u2019s Day Party mi 28.05.2026 JazzLustErleben Sie erneut die mitrei\u00dfende Performance von JazzLust, die klassische und moderne Jazzkl\u00e4nge virtuos verbinden. 03.10.2026 20:00 Uhr Gracefull FallDie Dresdner Americana-Band kehrt in Originalbesetzung zur\u00fcck und begeistert mit einer Mischung aus Blues, Alt. Country und Rootsrock 03.10.2025 13:00 Uhr Jindrich Staidel ComboDie Jindrich Staidel Combo bringt mit ihrer <a href=\"https:\/\/redrooster-pub.de\/?page_id=512\" class=\"more-link\">&#8230;<\/a><\/p>\n","protected":false},"author":1,"featured_media":0,"parent":0,"menu_order":0,"comment_status":"closed","ping_status":"closed","template":"","meta":[],"_links":{"self":[{"href":"https:\/\/redrooster-pub.de\/index.php?rest_route=\/wp\/v2\/pages\/512"}],"collection":[{"href":"https:\/\/redrooster-pub.de\/index.php?rest_route=\/wp\/v2\/pages"}],"about":[{"href":"https:\/\/redrooster-pub.de\/index.php?rest_route=\/wp\/v2\/types\/page"}],"author":[{"embeddable":true,"href":"https:\/\/redrooster-pub.de\/index.php?rest_route=\/wp\/v2\/users\/1"}],"replies":[{"embeddable":true,"href":"https:\/\/redrooster-pub.de\/index.php?rest_route=%2Fwp%2Fv2%2Fcomments&post=512"}],"version-history":[{"count":65,"href":"https:\/\/redrooster-pub.de\/index.php?rest_route=\/wp\/v2\/pages\/512\/revisions"}],"predecessor-version":[{"id":786,"href":"https:\/\/redrooster-pub.de\/index.php?rest_route=\/wp\/v2\/pages\/512\/revisions\/786"}],"wp:attachment":[{"href":"https:\/\/redrooster-pub.de\/index.php?rest_route=%2Fwp%2Fv2%2Fmedia&parent=512"}],"curies":[{"name":"wp","href":"https:\/\/api.w.org\/{rel}","templated":true}]}}